{"id":15967,"date":"2018-10-02T14:54:49","date_gmt":"2018-10-02T14:54:49","guid":{"rendered":"https:\/\/www.advagency.ch\/contatti\/"},"modified":"2022-12-15T12:23:37","modified_gmt":"2022-12-15T12:23:37","slug":"contacts","status":"publish","type":"page","link":"https:\/\/www.advagency.ch\/fr\/contacts\/","title":{"rendered":"CONTACTS"},"content":{"rendered":"<div class=\"wpb-content-wrapper\"><p>[vc_row use_row_as_full_screen_section=\u00a0\u00bbno\u00a0\u00bb center_bck_image=\u00a0\u00bbno\u00a0\u00bb][vc_column][vc_raw_html]JTNDaWZyYW1lJTIwc3JjJTNEJTIyaHR0cHMlM0ElMkYlMkZ3d3cuZ29vZ2xlLmNvbSUyRm1hcHMlMkZlbWJlZCUzRnBiJTNEJTIxMW0xOCUyMTFtMTIlMjExbTMlMjExZDI3NzEuMjcyNzUzNjM2MzEzNiUyMTJkOC45NDgxMjYzMTU1NzU2NzglMjEzZDQ2LjAwNTc0Nzk3OTExMTA4JTIxMm0zJTIxMWYwJTIxMmYwJTIxM2YwJTIxM20yJTIxMWkxMDI0JTIxMmk3NjglMjE0ZjEzLjElMjEzbTMlMjExbTIlMjExczB4NDc4NDJkOGVlN2VlYjFjOSUyNTNBMHgxMjdiMTVhMWMzN2Q0MTQ1JTIxMnNWaWElMjUyMFBpZXRybyUyNTIwUGVyaSUyNTIwOSUyNTJDJTI1MjA2OTAwJTI1MjBMdWdhbm8lMjUyQyUyNTIwU3ZpenplcmElMjE1ZTAlMjEzbTIlMjExc2l0JTIxMnNpdCUyMTR2MTYxMjQ1MjQzNTY1NiUyMTVtMiUyMTFzaXQlMjEyc2l0JTIyJTIwd2lkdGglM0QlMjIxMDAlMjUlMjIlMjBoZWlnaHQlM0QlMjI0NTAlMjIlMjBmcmFtZWJvcmRlciUzRCUyMjAlMjIlMjBzdHlsZSUzRCUyMmJvcmRlciUzQTAlM0IlMjIlMjBhbGxvd2Z1bGxzY3JlZW4lM0QlMjIlMjIlMjBhcmlhLWhpZGRlbiUzRCUyMmZhbHNlJTIyJTIwdGFiaW5kZXglM0QlMjIwJTIyJTNFJTNDJTJGaWZyYW1lJTNF[\/vc_raw_html][\/vc_column][\/vc_row][vc_row content_width=\u00a0\u00bbgrid\u00a0\u00bb use_row_as_full_screen_section=\u00a0\u00bbno\u00a0\u00bb center_bck_image=\u00a0\u00bbno\u00a0\u00bb css=\u00a0\u00bb.vc_custom_1538494315918{padding-top: 30px !important;padding-bottom: 50px !important;}\u00a0\u00bb el_class=\u00a0\u00bbK-serviceform\u00a0\u00bb][vc_column width=\u00a0\u00bb1\/4&Prime; offset=\u00a0\u00bbvc_col-lg-offset-0 vc_col-lg-5 vc_col-md-offset-0 vc_col-md-5 vc_col-sm-offset-0 vc_col-xs-12&Prime;]<div class=\"eltd-section-title-outer-holder\" style=\"text-align: left\">\n\t<div class=\"eltd-section-subtitle-holder\">\n\t\t<span class=\"eltd-section-subtitle\" style=\";;;;;\">\n\t\t\t\t\t<\/span>\n\t<\/div>\n\t<div class=\"eltd-section-title-title-holder\">\n\t\t<span class=\"eltd-section-title\" style=\"font-family: Montserrat;font-size: 41px;color: #333333;font-weight: 400;;text-transform: Uppercase\">\n\t\t\tCONTACTS\t\t<\/span>\n\t\t<span class=\"eltd-title-separator eltd-enable-separator\" style=\"background-color: #4d9da6\"><\/span>\n\t<\/div>\n\t<div class=\"eltd-section-title-text\" style=\"\">\n\t\t\t<\/div>\n\n<\/div>[vc_empty_space height=\u00a0\u00bb10px\u00a0\u00bb][vc_column_text]<a href=\"tel:+41919210309\"><span style=\"color: #626262;\">+41(0)91 921 03 09<\/span><\/a>[\/vc_column_text][vc_empty_space height=\u00a0\u00bb8px\u00a0\u00bb][vc_column_text]<\/p>\n<div class=\"wpb_text_column wpb_content_element \">\n<div class=\"wpb_wrapper\"><a href=\"mailto:info@advagency.ch\">info@advagency.ch<\/a><\/div>\n<\/div>\n<p>[\/vc_column_text][vc_column_text]<span style=\"color: #626262;\">Via Pietro Peri, 9 | 6900 Lugano<\/span>[\/vc_column_text][vc_empty_space height=\u00a0\u00bb5px\u00a0\u00bb][\/vc_column][vc_column width=\u00a0\u00bb3\/4&Prime; offset=\u00a0\u00bbvc_col-lg-offset-0 vc_col-lg-7 vc_col-md-offset-0 vc_col-md-7 vc_col-sm-offset-0 vc_col-xs-12&Prime; css=\u00a0\u00bb.vc_custom_1611235000336{padding-left: 12px !important;}\u00a0\u00bb]<div class=\"eltd-section-title-outer-holder\" style=\"text-align: left\">\n\t<div class=\"eltd-section-subtitle-holder\">\n\t\t<span class=\"eltd-section-subtitle\" style=\"font-family: Montserrat;;;;;\">\n\t\t\t\t\t<\/span>\n\t<\/div>\n\t<div class=\"eltd-section-title-title-holder\">\n\t\t<span class=\"eltd-section-title\" style=\"font-family: Montserrat;font-size: 41px;color: #333333;;;\">\n\t\t\tPOUVONS-NOUS VOUS AIDER ?\t\t<\/span>\n\t\t<span class=\"eltd-title-separator eltd-enable-separator\" style=\"background-color: #4d9da6\"><\/span>\n\t<\/div>\n\t<div class=\"eltd-section-title-text\" style=\"\">\n\t\t\t\t\t<p>Nous sommes s\u00fbrs que oui. Contactez-nous d\u00e8s maintenant et parlez-nous de votre projet.<\/p>\n\t\t\t<\/div>\n\n<\/div><script type=\"text\/javascript\">\n\/* <![CDATA[ *\/\nvar gform;gform||(document.addEventListener(\"gform_main_scripts_loaded\",function(){gform.scriptsLoaded=!0}),document.addEventListener(\"gform\/theme\/scripts_loaded\",function(){gform.themeScriptsLoaded=!0}),window.addEventListener(\"DOMContentLoaded\",function(){gform.domLoaded=!0}),gform={domLoaded:!1,scriptsLoaded:!1,themeScriptsLoaded:!1,isFormEditor:()=>\"function\"==typeof InitializeEditor,callIfLoaded:function(o){return!(!gform.domLoaded||!gform.scriptsLoaded||!gform.themeScriptsLoaded&&!gform.isFormEditor()||(gform.isFormEditor()&&console.warn(\"The use of gform.initializeOnLoaded() is deprecated in the form editor context and will be removed in Gravity Forms 3.1.\"),o(),0))},initializeOnLoaded:function(o){gform.callIfLoaded(o)||(document.addEventListener(\"gform_main_scripts_loaded\",()=>{gform.scriptsLoaded=!0,gform.callIfLoaded(o)}),document.addEventListener(\"gform\/theme\/scripts_loaded\",()=>{gform.themeScriptsLoaded=!0,gform.callIfLoaded(o)}),window.addEventListener(\"DOMContentLoaded\",()=>{gform.domLoaded=!0,gform.callIfLoaded(o)}))},hooks:{action:{},filter:{}},addAction:function(o,r,e,t){gform.addHook(\"action\",o,r,e,t)},addFilter:function(o,r,e,t){gform.addHook(\"filter\",o,r,e,t)},doAction:function(o){gform.doHook(\"action\",o,arguments)},applyFilters:function(o){return gform.doHook(\"filter\",o,arguments)},removeAction:function(o,r){gform.removeHook(\"action\",o,r)},removeFilter:function(o,r,e){gform.removeHook(\"filter\",o,r,e)},addHook:function(o,r,e,t,n){null==gform.hooks[o][r]&&(gform.hooks[o][r]=[]);var d=gform.hooks[o][r];null==n&&(n=r+\"_\"+d.length),gform.hooks[o][r].push({tag:n,callable:e,priority:t=null==t?10:t})},doHook:function(r,o,e){var t;if(e=Array.prototype.slice.call(e,1),null!=gform.hooks[r][o]&&((o=gform.hooks[r][o]).sort(function(o,r){return o.priority-r.priority}),o.forEach(function(o){\"function\"!=typeof(t=o.callable)&&(t=window[t]),\"action\"==r?t.apply(null,e):e[0]=t.apply(null,e)})),\"filter\"==r)return e[0]},removeHook:function(o,r,t,n){var e;null!=gform.hooks[o][r]&&(e=(e=gform.hooks[o][r]).filter(function(o,r,e){return!!(null!=n&&n!=o.tag||null!=t&&t!=o.priority)}),gform.hooks[o][r]=e)}});\n\/* ]]> *\/\n<\/script>\n\n                <div class='gf_browser_gecko gform_wrapper gform_legacy_markup_wrapper gform-theme--no-framework' data-form-theme='legacy' data-form-index='0' id='gform_wrapper_4' ><div id='gf_4' class='gform_anchor' tabindex='-1'><\/div><form method='post' enctype='multipart\/form-data' target='gform_ajax_frame_4' id='gform_4'  action='\/fr\/wp-json\/wp\/v2\/pages\/15967#gf_4' data-formid='4' novalidate>\n                        <div class='gform-body gform_body'><ul id='gform_fields_4' class='gform_fields top_label form_sublabel_below description_below validation_below'><li id=\"field_4_9\" class=\"gfield gfield--type-honeypot gform_validation_container field_sublabel_below gfield--has-description field_description_below field_validation_below gfield_visibility_visible\"  ><label class='gfield_label gform-field-label' for='input_4_9'>Phone<\/label><div class='ginput_container'><input name='input_9' id='input_4_9' type='text' value='' autocomplete='new-password'\/><\/div><div class='gfield_description' id='gfield_description_4_9'>Ce champ n\u2019est utilis\u00e9 qu\u2019\u00e0 des fins de validation et devrait rester inchang\u00e9.<\/div><\/li><li id=\"field_4_5\" class=\"gfield gfield--type-text contactsingle nominativo gfield_contains_required field_sublabel_below gfield--no-description field_description_below field_validation_below gfield_visibility_visible\"  ><label class='gfield_label gform-field-label' for='input_4_5'>* Nom et Prenom<span class=\"gfield_required\"><span class=\"gfield_required gfield_required_asterisk\">*<\/span><\/span><\/label><div class='ginput_container ginput_container_text'><input name='input_5' id='input_4_5' type='text' value='' class='large'    placeholder='* Nom et pr\u00e9nom ' aria-required=\"true\" aria-invalid=\"false\"   \/><\/div><\/li><li id=\"field_4_1\" class=\"gfield gfield--type-email gf_left_half contactsingle gfield_contains_required field_sublabel_below gfield--no-description field_description_below field_validation_below gfield_visibility_visible\"  ><label class='gfield_label gform-field-label' for='input_4_1'>Email<span class=\"gfield_required\"><span class=\"gfield_required gfield_required_asterisk\">*<\/span><\/span><\/label><div class='ginput_container ginput_container_email'>\n                            <input name='input_1' id='input_4_1' type='email' value='' class='large'   placeholder='* Email' aria-required=\"true\" aria-invalid=\"false\"  \/>\n                        <\/div><\/li><li id=\"field_4_6\" class=\"gfield gfield--type-text gf_left_half contactsingle field_sublabel_below gfield--no-description field_description_below field_validation_below gfield_visibility_visible\"  ><label class='gfield_label gform-field-label' for='input_4_6'>* Num\u00e9ro de t\u00e9l\u00e9phone<\/label><div class='ginput_container ginput_container_text'><input name='input_6' id='input_4_6' type='text' value='' class='large'    placeholder='Num\u00e9ro de t\u00e9l\u00e9phone'  aria-invalid=\"false\"   \/><\/div><\/li><li id=\"field_4_3\" class=\"gfield gfield--type-textarea contactsingle gfield_contains_required field_sublabel_below gfield--no-description field_description_below field_validation_below gfield_visibility_visible\"  ><label class='gfield_label gform-field-label' for='input_4_3'>Message<span class=\"gfield_required\"><span class=\"gfield_required gfield_required_asterisk\">*<\/span><\/span><\/label><div class='ginput_container ginput_container_textarea'><textarea name='input_3' id='input_4_3' class='textarea medium'    placeholder='* Message' aria-required=\"true\" aria-invalid=\"false\"   rows='10' cols='50'><\/textarea><\/div><\/li><li id=\"field_4_4\" class=\"gfield gfield--type-text field_sublabel_below gfield--no-description field_description_below field_validation_below gfield_visibility_hidden\"  ><div class=\"admin-hidden-markup\"><i class=\"gform-icon gform-icon--hidden\" aria-hidden=\"true\" title=\"Ce champ est masqu\u00e9 lorsque l\u2018on voit le formulaire.\"><\/i><span>Ce champ est masqu\u00e9 lorsque l\u2018on voit le formulaire.<\/span><\/div><label class='gfield_label gform-field-label' for='input_4_4'>Page source<\/label><div class='ginput_container ginput_container_text'><input name='input_4' id='input_4_4' type='text' value=' - https:\/\/www.advagency.ch\/fr\/wp-json\/wp\/v2\/pages\/15967' class='medium'      aria-invalid=\"false\"   \/><\/div><\/li><li id=\"field_4_7\" class=\"gfield gfield--type-checkbox gfield--type-choice gfield_contains_required field_sublabel_below gfield--no-description field_description_below field_validation_below gfield_visibility_visible\"  ><label class='gfield_label gform-field-label gfield_label_before_complex' >CONSENTEMENT AU TRAITEMENT DES DONN\u00c9ES PERSONNELLES<span class=\"gfield_required\"><span class=\"gfield_required gfield_required_asterisk\">*<\/span><\/span><\/label><div class='ginput_container ginput_container_checkbox'><ul class='gfield_checkbox' id='input_4_7'><li class='gchoice gchoice_4_7_1'>\n\t\t\t\t\t\t\t\t<input class='gfield-choice-input' name='input_7.1' type='checkbox'  value='Permis'  id='choice_4_7_1'   \/>\n\t\t\t\t\t\t\t\t<label for='choice_4_7_1' id='label_4_7_1' class='gform-field-label gform-field-label--type-inline'>\u00c0 l\u2018att. d\u2019Avanced Advertising Agency SA  Apr\u00e8s avoir lu attentivement votre <a href=\"https:\/\/www.advagency.ch\/tutela-della-privacy\/\" target=\"_blank\">politique de confidentialit\u00e9<\/a> et avoir compris les caract\u00e9ristiques du traitement des donn\u00e9es \u00e0 caract\u00e8re personnel \u00e0 mettre en place pour donner suite \u00e0 ma demande de contact et de devis relatif aux services commerciaux d'Advanced Advertising Agency SA, j\u2019exprime mon consentement libre, sp\u00e9cifique, \u00e9clair\u00e9 et sans \u00e9quivoque au traitement de mes donn\u00e9es \u00e0 caract\u00e8re personnel aux fins indiqu\u00e9es dans la politique en question, ainsi que pour donner suite \u00e0 ma demande de contact et de devis relatif aux services commerciaux d'Advanced Advertising Agency SA et recevoir vos informations par e-mail.<\/label>\n\t\t\t\t\t\t\t<\/li><\/ul><\/div><\/li><li id=\"field_4_8\" class=\"gfield gfield--type-captcha field_sublabel_below gfield--no-description field_description_below field_validation_below gfield_visibility_visible\"  ><label class='gfield_label gform-field-label screen-reader-text' for='input_4_8'><\/label><div id='input_4_8' class='ginput_container ginput_recaptcha' data-sitekey='6Lfw6EkaAAAAAEl7A9Db1TIUg5CRWOcQM5L0wvlm'  data-theme='light' data-tabindex='0'  data-badge=''><\/div><\/li><\/ul><\/div>\n        <div class='gform-footer gform_footer top_label'> <input type='submit' id='gform_submit_button_4' class='gform_button button' onclick='gform.submission.handleButtonClick(this);' data-submission-type='submit' value='ENVOYER'  \/> <input type='hidden' name='gform_ajax' value='form_id=4&amp;title=&amp;description=&amp;tabindex=0&amp;theme=legacy&amp;styles=[]&amp;hash=2315bcfa881c7d3553d852db97aae96b' \/>\n            <input type='hidden' class='gform_hidden' name='gform_submission_method' data-js='gform_submission_method_4' value='iframe' \/>\n            <input type='hidden' class='gform_hidden' name='gform_theme' data-js='gform_theme_4' id='gform_theme_4' value='legacy' \/>\n            <input type='hidden' class='gform_hidden' name='gform_style_settings' data-js='gform_style_settings_4' id='gform_style_settings_4' value='[]' \/>\n            <input type='hidden' class='gform_hidden' name='is_submit_4' value='1' \/>\n            <input type='hidden' class='gform_hidden' name='gform_submit' value='4' \/>\n            \n            <input type='hidden' class='gform_hidden' name='gform_currency' data-currency='CHF' value='T7yHDHsYm4DpuzZn2KX6A+LYKI4rZTspFwr\/gWOjHst7e5b35keiQjaFjg2qDWZXGIkyF4+4fKX\/mbZhBjd9lW2NNQSXp9f\/BrJTcJUtxM1UyaI=' \/>\n            <input type='hidden' class='gform_hidden' name='gform_unique_id' value='' \/>\n            <input type='hidden' class='gform_hidden' name='state_4' value='WyJbXSIsIjMxY2EzYWQ5ZTdkMmNmMGZkNGNhZjU0N2NlZjExMTNiIl0=' \/>\n            <input type='hidden' autocomplete='off' class='gform_hidden' name='gform_target_page_number_4' id='gform_target_page_number_4' value='0' \/>\n            <input type='hidden' autocomplete='off' class='gform_hidden' name='gform_source_page_number_4' id='gform_source_page_number_4' value='1' \/>\n            <input type='hidden' name='gform_field_values' value='' \/>\n            \n        <\/div>\n                        <\/form>\n                        <\/div>\n\t\t                <iframe style='display:none;width:0px;height:0px;' src='about:blank' name='gform_ajax_frame_4' id='gform_ajax_frame_4' title='Cette iframe contient la logique n\u00e9cessaire pour manipuler Gravity Forms avec Ajax.'><\/iframe>\n\t\t                <script type=\"text\/javascript\">\n\/* <![CDATA[ *\/\n gform.initializeOnLoaded( function() {gformInitSpinner( 4, 'https:\/\/www.advagency.ch\/wp-content\/plugins\/gravityforms\/images\/spinner.svg', true );jQuery('#gform_ajax_frame_4').on('load',function(){var contents = jQuery(this).contents().find('*').html();var is_postback = contents.indexOf('GF_AJAX_POSTBACK') >= 0;if(!is_postback){return;}var form_content = jQuery(this).contents().find('#gform_wrapper_4');var is_confirmation = jQuery(this).contents().find('#gform_confirmation_wrapper_4').length > 0;var is_redirect = contents.indexOf('gformRedirect(){') >= 0;var is_form = form_content.length > 0 && ! is_redirect && ! is_confirmation;var mt = parseInt(jQuery('html').css('margin-top'), 10) + parseInt(jQuery('body').css('margin-top'), 10) + 100;if(is_form){jQuery('#gform_wrapper_4').html(form_content.html());if(form_content.hasClass('gform_validation_error')){jQuery('#gform_wrapper_4').addClass('gform_validation_error');} else {jQuery('#gform_wrapper_4').removeClass('gform_validation_error');}setTimeout( function() { \/* delay the scroll by 50 milliseconds to fix a bug in chrome *\/ jQuery(document).scrollTop(jQuery('#gform_wrapper_4').offset().top - mt); }, 50 );if(window['gformInitDatepicker']) {gformInitDatepicker();}if(window['gformInitPriceFields']) {gformInitPriceFields();}var current_page = jQuery('#gform_source_page_number_4').val();gformInitSpinner( 4, 'https:\/\/www.advagency.ch\/wp-content\/plugins\/gravityforms\/images\/spinner.svg', true );jQuery(document).trigger('gform_page_loaded', [4, current_page]);window['gf_submitting_4'] = false;}else if(!is_redirect){var confirmation_content = jQuery(this).contents().find('.GF_AJAX_POSTBACK').html();if(!confirmation_content){confirmation_content = contents;}jQuery('#gform_wrapper_4').replaceWith(confirmation_content);jQuery(document).scrollTop(jQuery('#gf_4').offset().top - mt);jQuery(document).trigger('gform_confirmation_loaded', [4]);window['gf_submitting_4'] = false;wp.a11y.speak(jQuery('#gform_confirmation_message_4').text());}else{jQuery('#gform_4').append(contents);if(window['gformRedirect']) {gformRedirect();}}jQuery(document).trigger(\"gform_pre_post_render\", [{ formId: \"4\", currentPage: \"current_page\", abort: function() { this.preventDefault(); } }]);        if (event && event.defaultPrevented) {                return;        }        const gformWrapperDiv = document.getElementById( \"gform_wrapper_4\" );        if ( gformWrapperDiv ) {            const visibilitySpan = document.createElement( \"span\" );            visibilitySpan.id = \"gform_visibility_test_4\";            gformWrapperDiv.insertAdjacentElement( \"afterend\", visibilitySpan );        }        const visibilityTestDiv = document.getElementById( \"gform_visibility_test_4\" );        let postRenderFired = false;        function triggerPostRender() {            if ( postRenderFired ) {                return;            }            postRenderFired = true;            gform.core.triggerPostRenderEvents( 4, current_page );            if ( visibilityTestDiv ) {                visibilityTestDiv.parentNode.removeChild( visibilityTestDiv );            }        }        function debounce( func, wait, immediate ) {            var timeout;            return function() {                var context = this, args = arguments;                var later = function() {                    timeout = null;                    if ( !immediate ) func.apply( context, args );                };                var callNow = immediate && !timeout;                clearTimeout( timeout );                timeout = setTimeout( later, wait );                if ( callNow ) func.apply( context, args );            };        }        const debouncedTriggerPostRender = debounce( function() {            triggerPostRender();        }, 200 );        if ( visibilityTestDiv && visibilityTestDiv.offsetParent === null ) {            const observer = new MutationObserver( ( mutations ) => {                mutations.forEach( ( mutation ) => {                    if ( mutation.type === 'attributes' && visibilityTestDiv.offsetParent !== null ) {                        debouncedTriggerPostRender();                        observer.disconnect();                    }                });            });            observer.observe( document.body, {                attributes: true,                childList: false,                subtree: true,                attributeFilter: [ 'style', 'class' ],            });        } else {            triggerPostRender();        }    } );} ); \n\/* ]]> *\/\n<\/script>\n[\/vc_column][\/vc_row]<\/p>\n<\/div>","protected":false},"excerpt":{"rendered":"<p>[vc_row use_row_as_full_screen_section=\u00a0\u00bbno\u00a0\u00bb center_bck_image=\u00a0\u00bbno\u00a0\u00bb][vc_column][vc_raw_html]JTNDaWZyYW1lJTIwc3JjJTNEJTIyaHR0cHMlM0ElMkYlMkZ3d3cuZ29vZ2xlLmNvbSUyRm1hcHMlMkZlbWJlZCUzRnBiJTNEJTIxMW0xOCUyMTFtMTIlMjExbTMlMjExZDI3NzEuMjcyNzUzNjM2MzEzNiUyMTJkOC45NDgxMjYzMTU1NzU2NzglMjEzZDQ2LjAwNTc0Nzk3OTExMTA4JTIxMm0zJTIxMWYwJTIxMmYwJTIxM2YwJTIxM20yJTIxMWkxMDI0JTIxMmk3NjglMjE0ZjEzLjElMjEzbTMlMjExbTIlMjExczB4NDc4NDJkOGVlN2VlYjFjOSUyNTNBMHgxMjdiMTVhMWMzN2Q0MTQ1JTIxMnNWaWElMjUyMFBpZXRybyUyNTIwUGVyaSUyNTIwOSUyNTJDJTI1MjA2OTAwJTI1MjBMdWdhbm8lMjUyQyUyNTIwU3ZpenplcmElMjE1ZTAlMjEzbTIlMjExc2l0JTIxMnNpdCUyMTR2MTYxMjQ1MjQzNTY1NiUyMTVtMiUyMTFzaXQlMjEyc2l0JTIyJTIwd2lkdGglM0QlMjIxMDAlMjUlMjIlMjBoZWlnaHQlM0QlMjI0NTAlMjIlMjBmcmFtZWJvcmRlciUzRCUyMjAlMjIlMjBzdHlsZSUzRCUyMmJvcmRlciUzQTAlM0IlMjIlMjBhbGxvd2Z1bGxzY3JlZW4lM0QlMjIlMjIlMjBhcmlhLWhpZGRlbiUzRCUyMmZhbHNlJTIyJTIwdGFiaW5kZXglM0QlMjIwJTIyJTNFJTNDJTJGaWZyYW1lJTNF[\/vc_raw_html][\/vc_column][\/vc_row][vc_row content_width=\u00a0\u00bbgrid\u00a0\u00bb use_row_as_full_screen_section=\u00a0\u00bbno\u00a0\u00bb center_bck_image=\u00a0\u00bbno\u00a0\u00bb css=\u00a0\u00bb.vc_custom_1538494315918{padding-top: 30px !important;padding-bottom: 50px !important;}\u00a0\u00bb el_class=\u00a0\u00bbK-serviceform\u00a0\u00bb][vc_column width=\u00a0\u00bb1\/4&Prime; offset=\u00a0\u00bbvc_col-lg-offset-0 vc_col-lg-5 vc_col-md-offset-0 vc_col-md-5 vc_col-sm-offset-0 vc_col-xs-12&Prime;][vc_empty_space height=\u00a0\u00bb10px\u00a0\u00bb][vc_column_text]+41(0)91 921 03 09[\/vc_column_text][vc_empty_space height=\u00a0\u00bb8px\u00a0\u00bb][vc_column_text] info@advagency.ch [\/vc_column_text][vc_column_text]Via Pietro Peri, 9 | 6900 Lugano[\/vc_column_text][vc_empty_space height=\u00a0\u00bb5px\u00a0\u00bb][\/vc_column][vc_column width=\u00a0\u00bb3\/4&Prime; offset=\u00a0\u00bbvc_col-lg-offset-0 vc_col-lg-7 vc_col-md-offset-0 vc_col-md-7 vc_col-sm-offset-0 vc_col-xs-12&Prime; css=\u00a0\u00bb.vc_custom_1611235000336{padding-left: 12px !important;}\u00a0\u00bb][\/vc_column][\/vc_row]<\/p>\n","protected":false},"author":1,"featured_media":0,"parent":0,"menu_order":5,"comment_status":"closed","ping_status":"closed","template":"full-width.php","meta":{"footnotes":""},"class_list":["post-15967","page","type-page","status-publish","hentry"],"_links":{"self":[{"href":"https:\/\/www.advagency.ch\/fr\/wp-json\/wp\/v2\/pages\/15967","targetHints":{"allow":["GET"]}}],"collection":[{"href":"https:\/\/www.advagency.ch\/fr\/wp-json\/wp\/v2\/pages"}],"about":[{"href":"https:\/\/www.advagency.ch\/fr\/wp-json\/wp\/v2\/types\/page"}],"author":[{"embeddable":true,"href":"https:\/\/www.advagency.ch\/fr\/wp-json\/wp\/v2\/users\/1"}],"replies":[{"embeddable":true,"href":"https:\/\/www.advagency.ch\/fr\/wp-json\/wp\/v2\/comments?post=15967"}],"version-history":[{"count":0,"href":"https:\/\/www.advagency.ch\/fr\/wp-json\/wp\/v2\/pages\/15967\/revisions"}],"wp:attachment":[{"href":"https:\/\/www.advagency.ch\/fr\/wp-json\/wp\/v2\/media?parent=15967"}],"curies":[{"name":"wp","href":"https:\/\/api.w.org\/{rel}","templated":true}]}}